{"id":1239,"date":"2021-01-06T16:02:32","date_gmt":"2021-01-06T21:02:32","guid":{"rendered":"https:\/\/www.museebeaulne.ca\/?page_id=1239"},"modified":"2026-03-27T16:08:31","modified_gmt":"2026-03-27T20:08:31","slug":"members","status":"publish","type":"page","link":"https:\/\/www.museebeaulne.ca\/en\/members\/","title":{"rendered":"Members"},"content":{"rendered":"<section>\n\t<!-- Titre haut de page --><\/p>\n<div class=\"section-titre-haut-de-page cms-repeatable wow fadeIn\">\n<div class=\"container\">\n<div class=\"row\">\n<div class=\"col aligne-centre\" editable=\"rich\">\n<h1>Members<\/h1>\n<\/p><\/div>\n<\/p><\/div>\n<\/p><\/div>\n<\/p><\/div>\n<\/section>\n<section>\n\t<!-- Texte --><\/p>\n<div class=\"section-texte cms-repeatable wow fadeIn\">\n<div class=\"container\">\n<div class=\"row justify-content-center\">\n<div class=\"col-md-10\">\n<div class=\"lc-block\">\n<div editable=\"rich\">\n<p class=\"text-center\">We offer two kinds of membership cards: Individual and Corporate.<br \/>By becoming a member of the Beaulne Museum, you will benefit from many advantages and privileges!<br \/>For more information contact us at 819 849-6560 or by email at: <a href=\"mailto:info@museebeaulne.qc.ca\">info@museebeaulne.ca<\/a><\/p>\n<p><\/p>\n<\/p><\/div>\n<\/p><\/div>\n<p><!-- \/lc-block -->\n\t\t\t\t<\/div>\n<p><!-- \/col -->\n\t\t\t<\/div>\n<\/p><\/div>\n<\/p><\/div>\n<\/section>\n<section>\n\t<!-- Encadr\u00e9 beige --><\/p>\n<div class=\"cms-repeatable pb-20px mb-40px\">\n<div class=\"container\">\n<div class=\"row justify-content-center\">\n<div class=\"col-lg-9 aligne-centre\">\n<div class=\"lc-block\">\n<div class=\"fond-beige bordure bordure-grise p-30px p-50px wow zoomInSmall\" editable=\"rich\">\n<h4>Membership Card<br \/>&#8211; INDIVIDUAL &#8211;<\/h4>\n<p class=\"text-left\">Benefits and privileges:<\/p>\n<ul>\n<li class=\"text-left\">Receive a personalized invitation for each new exhibit<\/li>\n<li class=\"text-left\">Visit the Museum for free during regular hours<\/li>\n<li class=\"text-left\">Your guests benefit from a discount on the admission price<\/li>\n<li class=\"text-left\">Receive the annual calendar of events<\/li>\n<li class=\"text-left\">Be eligible to become a member of the board of directors<\/li>\n<li class=\"text-left\">Be able to sit on one of the Museum&#8217;s committees<\/li>\n<li class=\"text-left\">Take advantage of a discount on certain activities organized by the Museum<\/li>\n<li class=\"text-left\">Consult the documentation center for free and obtain photocopies at a reduced price<\/li>\n<li class=\"text-left\">Get a 50% discount when visitingat several museums in Quebec<\/li>\n<\/ul>\n<p>\n\t\t\t\t\t\t\t\t<a href=\"https:\/\/www.simplyk.io\/ticketing\/5fa1ad5d3c44660029c70486\" class=\"btn btn-rouge\" target=\"_blank\" rel=\"noopener noreferrer\"><span class=\"btn__content\">PAY FOR YOUR MEMBERSHIP CARD ONLINE<\/span><svg class=\"btn-svg\">\n\t\t\t\t\t\t\t\t\t\t<rect class=\"btn-rect\" x=\"0\" y=\"0\" fill=\"none\" width=\"100%\" height=\"100%\"><\/rect>\n\t\t\t\t\t\t\t\t\t<\/svg><\/a>\n\t\t\t\t\t\t\t<\/p>\n<p>&nbsp;<\/p>\n<h4>Entry fee<\/h4>\n<table width=\"100%\" border=\"1\">\n<tbody>\n<tr>\n<td>&nbsp;<\/td>\n<td>1 year<\/td>\n<td>2 years<\/td>\n<td>5 years<\/td>\n<td>Lifetime<\/td>\n<\/tr>\n<tr>\n<td>Adult<\/td>\n<td>$30<\/td>\n<td>$50<\/td>\n<td>$120<\/td>\n<td>$350<\/td>\n<\/tr>\n<tr>\n<td>Senior<br \/>\n\t\t\t\t\t\t\t\t\t\t\t60&nbsp;+<\/td>\n<td>$25<\/td>\n<td>$40<\/td>\n<td>$100<\/td>\n<td>$250<\/td>\n<\/tr>\n<tr>\n<td>Student<\/td>\n<td>$20<\/td>\n<td>$30<\/td>\n<td>&#8211;<\/td>\n<td>&#8211;<\/td>\n<\/tr>\n<tr>\n<td>Family<\/td>\n<td>$40<\/td>\n<td>$70<\/td>\n<td>&#8211;<\/td>\n<td>&#8211;<\/td>\n<\/tr>\n<\/tbody>\n<\/table>\n<p><\/p>\n<p><em>New: *A tax receipt will be given to you for the lifetime membership&nbsp;card!<\/em><\/p>\n<\/p><\/div>\n<\/p><\/div>\n<\/p><\/div>\n<\/p><\/div>\n<\/p><\/div>\n<\/p><\/div>\n<\/section>\n<section>\n\t<!-- Encadr\u00e9 beige --><\/p>\n<div class=\"cms-repeatable pb-20px mb-40px\">\n<div class=\"container\">\n<div class=\"row justify-content-center\">\n<div class=\"col-lg-9 aligne-centre\">\n<div class=\"lc-block\">\n<div class=\"fond-beige bordure bordure-grise p-30px p-50px wow zoomInSmall\" editable=\"rich\">\n<h4>\n\t\t\t\t\t\t\t\t<font><br \/>\n\t\t\t\t\t\t\t\t\t<font>Carte de membre <\/font><br \/>\n\t\t\t\t\t\t\t\t<\/font><br \/>\n\t\t\t\t\t\t\t\t<font><br \/>\n\t\t\t\t\t\t\t\t\t<font>&#8211; CORPORATE &#8211;<\/font><br \/>\n\t\t\t\t\t\t\t\t<\/font><br \/>\n\t\t\t\t\t\t\t<\/h4>\n<p class=\"text-left\">\n\t\t\t\t\t\t\t\t<font><br \/>\n\t\t\t\t\t\t\t\t\t<font>Avantages et privil\u00e8ges :<\/font><br \/>\n\t\t\t\t\t\t\t\t<\/font>\n\t\t\t\t\t\t\t<\/p>\n<ul>\n<li class=\"text-left\">\n\t\t\t\t\t\t\t\t\t<font><br \/>\n\t\t\t\t\t\t\t\t\t\t<font>Gratuit\u00e9s :<br \/>\n\t\t\t\t\t\t\t\t\t\t<\/font><br \/>\n\t\t\t\t\t\t\t\t\t<\/font><\/p>\n<ul>\n<li class=\"text-left\">\n\t\t\t\t\t\t\t\t\t\t\t<font><br \/>\n\t\t\t\t\t\t\t\t\t\t\t\t<font>Dix (10) billets pour une visite au Mus\u00e9e<\/font><br \/>\n\t\t\t\t\t\t\t\t\t\t\t<\/font>\n\t\t\t\t\t\t\t\t\t\t<\/li>\n<li class=\"text-left\">\n\t\t\t\t\t\t\t\t\t\t\t<font><br \/>\n\t\t\t\t\t\t\t\t\t\t\t\t<font>Une (1) carte de membre individuelle<\/font><br \/>\n\t\t\t\t\t\t\t\t\t\t\t<\/font>\n\t\t\t\t\t\t\t\t\t\t<\/li>\n<\/ul>\n<\/li>\n<li class=\"text-left\">\n\t\t\t\t\t\t\t\t\t<font><br \/>\n\t\t\t\t\t\t\t\t\t\t<font>Votre choix d&#8217;un objet de la collection d&#8217;art du Mus\u00e9e pendant deux (2) ans, sans frais<\/font><br \/>\n\t\t\t\t\t\t\t\t\t<\/font>\n\t\t\t\t\t\t\t\t<\/li>\n<li class=\"text-left\">\n\t\t\t\t\t\t\t\t\t<font><br \/>\n\t\t\t\t\t\t\t\t\t\t<font>Organisez une soir\u00e9e ou un rassemblement au Mus\u00e9e une fois par an, gratuitement<\/font><br \/>\n\t\t\t\t\t\t\t\t\t<\/font>\n\t\t\t\t\t\t\t\t<\/li>\n<li class=\"text-left\">\n\t\t\t\t\t\t\t\t\t<font><br \/>\n\t\t\t\t\t\t\t\t\t\t<font>Obtenez une visibilit\u00e9 sur la liste d&#8217;honneur du mus\u00e9e en tant que membre corporatif<\/font><br \/>\n\t\t\t\t\t\t\t\t\t<\/font>\n\t\t\t\t\t\t\t\t<\/li>\n<li class=\"text-left\">\n\t\t\t\t\t\t\t\t\t<font><br \/>\n\t\t\t\t\t\t\t\t\t\t<font>Recevez une invitation personnalis\u00e9e pour toutes les expositions<\/font><br \/>\n\t\t\t\t\t\t\t\t\t<\/font>\n\t\t\t\t\t\t\t\t<\/li>\n<li class=\"text-left\">\n\t\t\t\t\t\t\t\t\t<font><br \/>\n\t\t\t\t\t\t\t\t\t\t<font>Recevez le calendrier annuel des \u00e9v\u00e9nements<\/font><br \/>\n\t\t\t\t\t\t\t\t\t<\/font>\n\t\t\t\t\t\t\t\t<\/li>\n<\/ul>\n<p class=\"text-left\"><\/p>\n<h4 class=\"text-center\">\n\t\t\t\t\t\t\t\t<font><br \/>\n\t\t\t\t\t\t\t\t\t<font>Pr\u00e9sidence d&#8217;honneur<\/font><br \/>\n\t\t\t\t\t\t\t\t<\/font><br \/>\n\t\t\t\t\t\t\t<\/h4>\n<ul>\n<li class=\"text-left\">\n\t\t\t\t\t\t\t\t\t<font><br \/>\n\t\t\t\t\t\t\t\t\t\t<font><\/p>\n<p>\t\t\t\t\t\t\t\t\t\t\tAdmissibilit\u00e9 \u00e0 la pr\u00e9sidence d&#8217;honneur parmi les membres corporatifs pour certaines activit\u00e9s<\/p>\n<p>\t\t\t\t\t\t\t\t\t\t<\/font><br \/>\n\t\t\t\t\t\t\t\t\t<\/font>\n\t\t\t\t\t\t\t\t<\/li>\n<li class=\"text-left\">\n\t\t\t\t\t\t\t\t\t<font><br \/>\n\t\t\t\t\t\t\t\t\t\t<font>Possibilit\u00e9 d&#8217;exposer au nom de votre entreprise, selon des crit\u00e8res musicologiques et les conditions suivantes :<br \/>\n\t\t\t\t\t\t\t\t\t\t<\/font><br \/>\n\t\t\t\t\t\t\t\t\t<\/font><\/p>\n<ul>\n<li class=\"text-left\">\n\t\t\t\t\t\t\t\t\t\t\t<font><br \/>\n\t\t\t\t\t\t\t\t\t\t\t\t<font>\u00catre implant\u00e9 dans la r\u00e9gion<\/font><br \/>\n\t\t\t\t\t\t\t\t\t\t\t<\/font>\n\t\t\t\t\t\t\t\t\t\t<\/li>\n<li class=\"text-left\">\n\t\t\t\t\t\t\t\t\t\t\t<font><br \/>\n\t\t\t\t\t\t\t\t\t\t\t\t<font>D\u00e9montrez votre implication dans la communaut\u00e9 avec des photos et des textes<\/font><br \/>\n\t\t\t\t\t\t\t\t\t\t\t<\/font>\n\t\t\t\t\t\t\t\t\t\t<\/li>\n<li class=\"text-left\">\n\t\t\t\t\t\t\t\t\t\t\t<font><br \/>\n\t\t\t\t\t\t\t\t\t\t\t\t<font>Fournir l&#8217;historique de l&#8217;entreprise<\/font><br \/>\n\t\t\t\t\t\t\t\t\t\t\t<\/font>\n\t\t\t\t\t\t\t\t\t\t<\/li>\n<li class=\"text-left\">\n\t\t\t\t\t\t\t\t\t\t\t<font><br \/>\n\t\t\t\t\t\t\t\t\t\t\t\t<font>Participer financi\u00e8rement \u00e0 l&#8217;exposition (50% des d\u00e9penses totales)<\/font><br \/>\n\t\t\t\t\t\t\t\t\t\t\t<\/font>\n\t\t\t\t\t\t\t\t\t\t<\/li>\n<\/ul>\n<\/li>\n<\/ul>\n<p class=\"text-left\"><\/p>\n<p><em><br \/>\n\t\t\t\t\t\t\t\t<font><br \/>\n\t\t\t\t\t\t\t\t\t<font><\/p>\n<p>\t\t\t\t\t\t\t\t\t\t* Valeur totale approximative des privil\u00e8ges d&#8217;une adh\u00e9sion corporative, excluant la pr\u00e9sidence d&#8217;honneur : 350 $<br \/>\n\t\t\t\t\t\t\t\t\t<\/font><br \/>\n\t\t\t\t\t\t\t\t<\/font><br \/>\n\t\t\t\t\t\t\t<\/em><\/p>\n<h4><\/h4>\n<p><a href=\"https:\/\/www.simplyk.io\/ticketing\/5fa1b2923c44660029c70503\"><br \/>\n\t\t\t\t\t\t\t\t\t<font><br \/>\n\t\t\t\t\t\t\t\t\t\t<font>PAYEZ VOTRE CARTE D&#8217;ADH\u00c9SION ENTREPRISE EN LIGNE<\/font><br \/>\n\t\t\t\t\t\t\t\t\t<\/font><br \/>\n\t\t\t\t\t\t\t\t<\/a><\/p>\n<h4>\n\t\t\t\t\t\t\t\t<font><br \/>\n\t\t\t\t\t\t\t\t\t<font>Frais<\/font><br \/>\n\t\t\t\t\t\t\t\t<\/font><br \/>\n\t\t\t\t\t\t\t<\/h4>\n<\/p>\n<p class=\"text-center\">\n\t\t\t\t\t\t\t\t<font><br \/>\n\t\t\t\t\t\t\t\t\t<font>200 $ \/ par an<\/font><br \/>\n\t\t\t\t\t\t\t\t<\/font>\n\t\t\t\t\t\t\t<\/p>\n<\/p><\/div>\n<\/p><\/div>\n<\/p><\/div>\n<\/p><\/div>\n<\/p><\/div>\n<\/p><\/div>\n<\/section>\n<div class=\"container\">\n<div class=\"row bordure-haut py-60px\">\n<div class=\"text-center col-md-3\">\n<div class=\"lc-block\"><a href=\"https:\/\/www.museebeaulne.ca\/en\/about-us\/#history\" class=\"btn btn-blanc\"><span class=\"btn__content\">History<\/span><\/a><\/div>\n<p><!-- \/lc-block -->\n\t\t<\/div>\n<p><!-- \/col --><\/p>\n<div class=\"col-md-3\">\n<div class=\"lc-block text-center\"><a href=\"https:\/\/www.museebeaulne.ca\/en\/members\/\" class=\"btn btn-blanc\"><span class=\"btn__content\">Members<\/span><\/a><\/div>\n<p><!-- \/lc-block -->\n\t\t<\/div>\n<p><!-- \/col --><\/p>\n<div class=\"col-md-3\">\n<div class=\"lc-block text-center\"><a href=\"https:\/\/www.museebeaulne.ca\/en\/board-of-directors\/\" class=\"btn btn-blanc\"><span class=\"btn__content\">Board of Directors<\/span><\/a><\/div>\n<p><!-- \/lc-block -->\n\t\t<\/div>\n<p><!-- \/col --><\/p>\n<div class=\"col-md-3\">\n<div class=\"lc-block text-center\"><a href=\"\/en\/about-us\/make-a-donation\/\" class=\"btn btn-blanc\"><span class=\"btn__content\">Make a donation<\/span><\/a><\/div>\n<p><!-- \/lc-block -->\n\t\t<\/div>\n<p><!-- \/col -->\n\t<\/div>\n<\/div>\n","protected":false},"excerpt":{"rendered":"<p>Members We offer two kinds of membership cards: Individual and Corporate.By becoming a member of the Beaulne Museum, you will benefit from many advantages and privileges!For more information contact us at 819 849-6560 or by email at: info@museebeaulne.ca Membership Card&#8211;&#8230; <a href=\"https:\/\/www.museebeaulne.ca\/en\/members\/\">Lire la suite<\/a> [&#8230;]<\/p>\n<p><a class=\"btn btn-secondary understrap-read-more-link\" href=\"https:\/\/www.museebeaulne.ca\/en\/members\/\">Read More&#8230;<\/a><\/p>\n","protected":false},"author":1,"featured_media":0,"parent":0,"menu_order":0,"comment_status":"closed","ping_status":"closed","template":"pages-templates\/page-standard.php","meta":{"footnotes":""},"class_list":["post-1239","page","type-page","status-publish","hentry"],"yoast_head":"<!-- This site is optimized with the Yoast SEO plugin v26.0 - https:\/\/yoast.com\/wordpress\/plugins\/seo\/ -->\n<title>Members - Beaulne Museum<\/title>\n<meta name=\"robots\" content=\"index, follow, max-snippet:-1, max-image-preview:large, max-video-preview:-1\" \/>\n<link rel=\"canonical\" href=\"https:\/\/www.museebeaulne.ca\/en\/members\/\" \/>\n<meta property=\"og:locale\" content=\"en_US\" \/>\n<meta property=\"og:type\" content=\"article\" \/>\n<meta property=\"og:title\" content=\"Members - Beaulne Museum\" \/>\n<meta property=\"og:description\" content=\"Members We offer two kinds of membership cards: Individual and Corporate.By becoming a member of the Beaulne Museum, you will benefit from many advantages and privileges!For more information contact us at 819 849-6560 or by email at: info@museebeaulne.ca Membership Card&#8211;... Lire la suite [...]Read More...\" \/>\n<meta property=\"og:url\" content=\"https:\/\/www.museebeaulne.ca\/en\/members\/\" \/>\n<meta property=\"og:site_name\" content=\"Beaulne Museum\" \/>\n<meta property=\"article:publisher\" content=\"https:\/\/www.facebook.com\/museebeaulne\" \/>\n<meta property=\"article:modified_time\" content=\"2026-03-27T20:08:31+00:00\" \/>\n<meta name=\"twitter:card\" content=\"summary_large_image\" \/>\n<meta name=\"twitter:label1\" content=\"Est. reading time\" \/>\n\t<meta name=\"twitter:data1\" content=\"2 minutes\" \/>\n<script type=\"application\/ld+json\" class=\"yoast-schema-graph\">{\"@context\":\"https:\/\/schema.org\",\"@graph\":[{\"@type\":\"WebPage\",\"@id\":\"https:\/\/www.museebeaulne.ca\/en\/members\/\",\"url\":\"https:\/\/www.museebeaulne.ca\/en\/members\/\",\"name\":\"Members - Beaulne Museum\",\"isPartOf\":{\"@id\":\"https:\/\/www.museebeaulne.ca\/#website\"},\"datePublished\":\"2021-01-06T21:02:32+00:00\",\"dateModified\":\"2026-03-27T20:08:31+00:00\",\"breadcrumb\":{\"@id\":\"https:\/\/www.museebeaulne.ca\/en\/members\/#breadcrumb\"},\"inLanguage\":\"en-US\",\"potentialAction\":[{\"@type\":\"ReadAction\",\"target\":[\"https:\/\/www.museebeaulne.ca\/en\/members\/\"]}]},{\"@type\":\"BreadcrumbList\",\"@id\":\"https:\/\/www.museebeaulne.ca\/en\/members\/#breadcrumb\",\"itemListElement\":[{\"@type\":\"ListItem\",\"position\":1,\"name\":\"Accueil\",\"item\":\"https:\/\/www.museebeaulne.ca\/en\/\"},{\"@type\":\"ListItem\",\"position\":2,\"name\":\"Members\"}]},{\"@type\":\"WebSite\",\"@id\":\"https:\/\/www.museebeaulne.ca\/#website\",\"url\":\"https:\/\/www.museebeaulne.ca\/\",\"name\":\"Beaulne Museum\",\"description\":\"\",\"publisher\":{\"@id\":\"https:\/\/www.museebeaulne.ca\/#organization\"},\"potentialAction\":[{\"@type\":\"SearchAction\",\"target\":{\"@type\":\"EntryPoint\",\"urlTemplate\":\"https:\/\/www.museebeaulne.ca\/?s={search_term_string}\"},\"query-input\":{\"@type\":\"PropertyValueSpecification\",\"valueRequired\":true,\"valueName\":\"search_term_string\"}}],\"inLanguage\":\"en-US\"},{\"@type\":\"Organization\",\"@id\":\"https:\/\/www.museebeaulne.ca\/#organization\",\"name\":\"Mus\u00e9e Beaulne\",\"url\":\"https:\/\/www.museebeaulne.ca\/\",\"logo\":{\"@type\":\"ImageObject\",\"inLanguage\":\"en-US\",\"@id\":\"https:\/\/www.museebeaulne.ca\/#\/schema\/logo\/image\/\",\"url\":\"https:\/\/www.museebeaulne.ca\/wp-content\/uploads\/2020\/11\/logo-horizontal.png\",\"contentUrl\":\"https:\/\/www.museebeaulne.ca\/wp-content\/uploads\/2020\/11\/logo-horizontal.png\",\"width\":600,\"height\":233,\"caption\":\"Mus\u00e9e Beaulne\"},\"image\":{\"@id\":\"https:\/\/www.museebeaulne.ca\/#\/schema\/logo\/image\/\"},\"sameAs\":[\"https:\/\/www.facebook.com\/museebeaulne\"]}]}<\/script>\n<!-- \/ Yoast SEO plugin. -->","yoast_head_json":{"title":"Members - Beaulne Museum","robots":{"index":"index","follow":"follow","max-snippet":"max-snippet:-1","max-image-preview":"max-image-preview:large","max-video-preview":"max-video-preview:-1"},"canonical":"https:\/\/www.museebeaulne.ca\/en\/members\/","og_locale":"en_US","og_type":"article","og_title":"Members - Beaulne Museum","og_description":"Members We offer two kinds of membership cards: Individual and Corporate.By becoming a member of the Beaulne Museum, you will benefit from many advantages and privileges!For more information contact us at 819 849-6560 or by email at: info@museebeaulne.ca Membership Card&#8211;... Lire la suite [...]Read More...","og_url":"https:\/\/www.museebeaulne.ca\/en\/members\/","og_site_name":"Beaulne Museum","article_publisher":"https:\/\/www.facebook.com\/museebeaulne","article_modified_time":"2026-03-27T20:08:31+00:00","twitter_card":"summary_large_image","twitter_misc":{"Est. reading time":"2 minutes"},"schema":{"@context":"https:\/\/schema.org","@graph":[{"@type":"WebPage","@id":"https:\/\/www.museebeaulne.ca\/en\/members\/","url":"https:\/\/www.museebeaulne.ca\/en\/members\/","name":"Members - Beaulne Museum","isPartOf":{"@id":"https:\/\/www.museebeaulne.ca\/#website"},"datePublished":"2021-01-06T21:02:32+00:00","dateModified":"2026-03-27T20:08:31+00:00","breadcrumb":{"@id":"https:\/\/www.museebeaulne.ca\/en\/members\/#breadcrumb"},"inLanguage":"en-US","potentialAction":[{"@type":"ReadAction","target":["https:\/\/www.museebeaulne.ca\/en\/members\/"]}]},{"@type":"BreadcrumbList","@id":"https:\/\/www.museebeaulne.ca\/en\/members\/#breadcrumb","itemListElement":[{"@type":"ListItem","position":1,"name":"Accueil","item":"https:\/\/www.museebeaulne.ca\/en\/"},{"@type":"ListItem","position":2,"name":"Members"}]},{"@type":"WebSite","@id":"https:\/\/www.museebeaulne.ca\/#website","url":"https:\/\/www.museebeaulne.ca\/","name":"Beaulne Museum","description":"","publisher":{"@id":"https:\/\/www.museebeaulne.ca\/#organization"},"potentialAction":[{"@type":"SearchAction","target":{"@type":"EntryPoint","urlTemplate":"https:\/\/www.museebeaulne.ca\/?s={search_term_string}"},"query-input":{"@type":"PropertyValueSpecification","valueRequired":true,"valueName":"search_term_string"}}],"inLanguage":"en-US"},{"@type":"Organization","@id":"https:\/\/www.museebeaulne.ca\/#organization","name":"Mus\u00e9e Beaulne","url":"https:\/\/www.museebeaulne.ca\/","logo":{"@type":"ImageObject","inLanguage":"en-US","@id":"https:\/\/www.museebeaulne.ca\/#\/schema\/logo\/image\/","url":"https:\/\/www.museebeaulne.ca\/wp-content\/uploads\/2020\/11\/logo-horizontal.png","contentUrl":"https:\/\/www.museebeaulne.ca\/wp-content\/uploads\/2020\/11\/logo-horizontal.png","width":600,"height":233,"caption":"Mus\u00e9e Beaulne"},"image":{"@id":"https:\/\/www.museebeaulne.ca\/#\/schema\/logo\/image\/"},"sameAs":["https:\/\/www.facebook.com\/museebeaulne"]}]}},"_links":{"self":[{"href":"https:\/\/www.museebeaulne.ca\/en\/wp-json\/wp\/v2\/pages\/1239","targetHints":{"allow":["GET"]}}],"collection":[{"href":"https:\/\/www.museebeaulne.ca\/en\/wp-json\/wp\/v2\/pages"}],"about":[{"href":"https:\/\/www.museebeaulne.ca\/en\/wp-json\/wp\/v2\/types\/page"}],"author":[{"embeddable":true,"href":"https:\/\/www.museebeaulne.ca\/en\/wp-json\/wp\/v2\/users\/1"}],"replies":[{"embeddable":true,"href":"https:\/\/www.museebeaulne.ca\/en\/wp-json\/wp\/v2\/comments?post=1239"}],"version-history":[{"count":14,"href":"https:\/\/www.museebeaulne.ca\/en\/wp-json\/wp\/v2\/pages\/1239\/revisions"}],"predecessor-version":[{"id":3972,"href":"https:\/\/www.museebeaulne.ca\/en\/wp-json\/wp\/v2\/pages\/1239\/revisions\/3972"}],"wp:attachment":[{"href":"https:\/\/www.museebeaulne.ca\/en\/wp-json\/wp\/v2\/media?parent=1239"}],"curies":[{"name":"wp","href":"https:\/\/api.w.org\/{rel}","templated":true}]}}