{"id":1247,"date":"2021-01-07T09:38:35","date_gmt":"2021-01-07T14:38:35","guid":{"rendered":"https:\/\/www.museebeaulne.ca\/?page_id=1247"},"modified":"2026-03-13T11:38:21","modified_gmt":"2026-03-13T15:38:21","slug":"board-of-directors","status":"publish","type":"page","link":"https:\/\/www.museebeaulne.ca\/en\/board-of-directors\/","title":{"rendered":"Board of Directors"},"content":{"rendered":"<p><!-- Intro --><\/p>\n<section class=\"cms-repeatable pt-70px pb-20px mb-10px\">\n<div class=\"container\">\n<div class=\"row\">\n<div class=\"col aligne-centre\">\n<h1 class=\"wow fadeIn\">Board of Directors for 2025-2026<\/h1>\n<\/p><\/div>\n<\/p><\/div>\n<\/p><\/div>\n<\/section>\n<p><!-- \/\/Intro --><\/p>\n<p><!-- Contenu --><\/p>\n<section class=\"cms-repeatable mb-60px\">\n<div class=\"container\">\n<div class=\"row justify-content-center\">\n<div class=\"col-lg-8 aligne-centre\">\n<div class=\"lc-block\">\n<div class=\"fond-beige bordure bordure-grise p-30px p-50px wow zoomInSmall\" editable=\"rich\">\n<p><strong>President:&nbsp;<\/strong>Claude Laurence<\/p>\n<p><strong>Vice-President:&nbsp;<\/strong>Yves Paquet<\/p>\n<p><strong>Treasurer:&nbsp;<\/strong>Daphn\u00e9e Lebrun<\/p>\n<p><strong>Secretary:&nbsp;<\/strong>Lyne St-Jean<\/p>\n<p><strong>Administrators:<\/strong> <\/p>\n<p>\t\t\t\t\t\t\tRoch L\u00e9tourneau, Sylviane Ferland<br \/>Mona Cloutier, G\u00e9rald Cutting<\/p>\n<\/p><\/div>\n<\/p><\/div>\n<\/p><\/div>\n<\/p><\/div>\n<\/p><\/div>\n<\/section>\n<p><!-- \/\/Contenu --><\/p>\n<section>\n<div class=\"container\">\n<div class=\"row bordure-haut py-60px\">\n<div class=\"text-center col-md-3\">\n<div class=\"lc-block\"><a href=\"https:\/\/www.museebeaulne.ca\/en\/about-us\/#history\" class=\"btn btn-blanc\"><span class=\"btn__content\">History<\/span><\/a><\/div>\n<p><!-- \/lc-block -->\n\t\t\t<\/div>\n<p><!-- \/col --><\/p>\n<div class=\"col-md-3\">\n<div class=\"lc-block text-center\"><a href=\"https:\/\/www.museebeaulne.ca\/en\/members\/\" class=\"btn btn-blanc\"><span class=\"btn__content\">Members<\/span><\/a><\/div>\n<p><!-- \/lc-block -->\n\t\t\t<\/div>\n<p><!-- \/col --><\/p>\n<div class=\"col-md-3\">\n<div class=\"lc-block text-center\"><a href=\"https:\/\/www.museebeaulne.ca\/en\/board-of-directors\/\" class=\"btn btn-blanc\"><span class=\"btn__content\">Board of Directors<\/span><\/a><\/div>\n<p><!-- \/lc-block -->\n\t\t\t<\/div>\n<p><!-- \/col --><\/p>\n<div class=\"col-md-3\">\n<div class=\"lc-block text-center\"><a href=\"\/en\/about-us\/make-a-donation\/\" class=\"btn btn-blanc\"><span class=\"btn__content\">Make a donation<\/span><\/a><\/div>\n<p><!-- \/lc-block -->\n\t\t\t<\/div>\n<p><!-- \/col -->\n\t\t<\/div>\n<\/p><\/div>\n<\/section>\n","protected":false},"excerpt":{"rendered":"<p>Board of Directors for 2025-2026 President:&nbsp;Claude Laurence Vice-President:&nbsp;Yves Paquet Treasurer:&nbsp;Daphn\u00e9e Lebrun Secretary:&nbsp;Lyne St-Jean Administrators: Roch L\u00e9tourneau, Sylviane FerlandMona Cloutier, G\u00e9rald Cutting History Members Board of Directors Make a donation [&#8230;]<\/p>\n<p><a class=\"btn btn-secondary understrap-read-more-link\" href=\"https:\/\/www.museebeaulne.ca\/en\/board-of-directors\/\">Read More&#8230;<\/a><\/p>\n","protected":false},"author":1,"featured_media":0,"parent":0,"menu_order":0,"comment_status":"closed","ping_status":"closed","template":"pages-templates\/page-standard.php","meta":{"footnotes":""},"class_list":["post-1247","page","type-page","status-publish","hentry"],"yoast_head":"<!-- This site is optimized with the Yoast SEO plugin v26.0 - https:\/\/yoast.com\/wordpress\/plugins\/seo\/ -->\n<title>Board of Directors - Beaulne Museum<\/title>\n<meta name=\"robots\" content=\"index, follow, max-snippet:-1, max-image-preview:large, max-video-preview:-1\" \/>\n<link rel=\"canonical\" href=\"https:\/\/www.museebeaulne.ca\/en\/board-of-directors\/\" \/>\n<meta property=\"og:locale\" content=\"en_US\" \/>\n<meta property=\"og:type\" content=\"article\" \/>\n<meta property=\"og:title\" content=\"Board of Directors - Beaulne Museum\" \/>\n<meta property=\"og:description\" content=\"Board of Directors for 2025-2026 President:&nbsp;Claude Laurence Vice-President:&nbsp;Yves Paquet Treasurer:&nbsp;Daphn\u00e9e Lebrun Secretary:&nbsp;Lyne St-Jean Administrators: Roch L\u00e9tourneau, Sylviane FerlandMona Cloutier, G\u00e9rald Cutting History Members Board of Directors Make a donation [...]Read More...\" \/>\n<meta property=\"og:url\" content=\"https:\/\/www.museebeaulne.ca\/en\/board-of-directors\/\" \/>\n<meta property=\"og:site_name\" content=\"Beaulne Museum\" \/>\n<meta property=\"article:publisher\" content=\"https:\/\/www.facebook.com\/museebeaulne\" \/>\n<meta property=\"article:modified_time\" content=\"2026-03-13T15:38:21+00:00\" \/>\n<meta name=\"twitter:card\" content=\"summary_large_image\" \/>\n<script type=\"application\/ld+json\" class=\"yoast-schema-graph\">{\"@context\":\"https:\/\/schema.org\",\"@graph\":[{\"@type\":\"WebPage\",\"@id\":\"https:\/\/www.museebeaulne.ca\/en\/board-of-directors\/\",\"url\":\"https:\/\/www.museebeaulne.ca\/en\/board-of-directors\/\",\"name\":\"Board of Directors - Beaulne Museum\",\"isPartOf\":{\"@id\":\"https:\/\/www.museebeaulne.ca\/#website\"},\"datePublished\":\"2021-01-07T14:38:35+00:00\",\"dateModified\":\"2026-03-13T15:38:21+00:00\",\"breadcrumb\":{\"@id\":\"https:\/\/www.museebeaulne.ca\/en\/board-of-directors\/#breadcrumb\"},\"inLanguage\":\"en-US\",\"potentialAction\":[{\"@type\":\"ReadAction\",\"target\":[\"https:\/\/www.museebeaulne.ca\/en\/board-of-directors\/\"]}]},{\"@type\":\"BreadcrumbList\",\"@id\":\"https:\/\/www.museebeaulne.ca\/en\/board-of-directors\/#breadcrumb\",\"itemListElement\":[{\"@type\":\"ListItem\",\"position\":1,\"name\":\"Accueil\",\"item\":\"https:\/\/www.museebeaulne.ca\/en\/\"},{\"@type\":\"ListItem\",\"position\":2,\"name\":\"Board of Directors\"}]},{\"@type\":\"WebSite\",\"@id\":\"https:\/\/www.museebeaulne.ca\/#website\",\"url\":\"https:\/\/www.museebeaulne.ca\/\",\"name\":\"Beaulne Museum\",\"description\":\"\",\"publisher\":{\"@id\":\"https:\/\/www.museebeaulne.ca\/#organization\"},\"potentialAction\":[{\"@type\":\"SearchAction\",\"target\":{\"@type\":\"EntryPoint\",\"urlTemplate\":\"https:\/\/www.museebeaulne.ca\/?s={search_term_string}\"},\"query-input\":{\"@type\":\"PropertyValueSpecification\",\"valueRequired\":true,\"valueName\":\"search_term_string\"}}],\"inLanguage\":\"en-US\"},{\"@type\":\"Organization\",\"@id\":\"https:\/\/www.museebeaulne.ca\/#organization\",\"name\":\"Mus\u00e9e Beaulne\",\"url\":\"https:\/\/www.museebeaulne.ca\/\",\"logo\":{\"@type\":\"ImageObject\",\"inLanguage\":\"en-US\",\"@id\":\"https:\/\/www.museebeaulne.ca\/#\/schema\/logo\/image\/\",\"url\":\"https:\/\/www.museebeaulne.ca\/wp-content\/uploads\/2020\/11\/logo-horizontal.png\",\"contentUrl\":\"https:\/\/www.museebeaulne.ca\/wp-content\/uploads\/2020\/11\/logo-horizontal.png\",\"width\":600,\"height\":233,\"caption\":\"Mus\u00e9e Beaulne\"},\"image\":{\"@id\":\"https:\/\/www.museebeaulne.ca\/#\/schema\/logo\/image\/\"},\"sameAs\":[\"https:\/\/www.facebook.com\/museebeaulne\"]}]}<\/script>\n<!-- \/ Yoast SEO plugin. -->","yoast_head_json":{"title":"Board of Directors - Beaulne Museum","robots":{"index":"index","follow":"follow","max-snippet":"max-snippet:-1","max-image-preview":"max-image-preview:large","max-video-preview":"max-video-preview:-1"},"canonical":"https:\/\/www.museebeaulne.ca\/en\/board-of-directors\/","og_locale":"en_US","og_type":"article","og_title":"Board of Directors - Beaulne Museum","og_description":"Board of Directors for 2025-2026 President:&nbsp;Claude Laurence Vice-President:&nbsp;Yves Paquet Treasurer:&nbsp;Daphn\u00e9e Lebrun Secretary:&nbsp;Lyne St-Jean Administrators: Roch L\u00e9tourneau, Sylviane FerlandMona Cloutier, G\u00e9rald Cutting History Members Board of Directors Make a donation [...]Read More...","og_url":"https:\/\/www.museebeaulne.ca\/en\/board-of-directors\/","og_site_name":"Beaulne Museum","article_publisher":"https:\/\/www.facebook.com\/museebeaulne","article_modified_time":"2026-03-13T15:38:21+00:00","twitter_card":"summary_large_image","schema":{"@context":"https:\/\/schema.org","@graph":[{"@type":"WebPage","@id":"https:\/\/www.museebeaulne.ca\/en\/board-of-directors\/","url":"https:\/\/www.museebeaulne.ca\/en\/board-of-directors\/","name":"Board of Directors - Beaulne Museum","isPartOf":{"@id":"https:\/\/www.museebeaulne.ca\/#website"},"datePublished":"2021-01-07T14:38:35+00:00","dateModified":"2026-03-13T15:38:21+00:00","breadcrumb":{"@id":"https:\/\/www.museebeaulne.ca\/en\/board-of-directors\/#breadcrumb"},"inLanguage":"en-US","potentialAction":[{"@type":"ReadAction","target":["https:\/\/www.museebeaulne.ca\/en\/board-of-directors\/"]}]},{"@type":"BreadcrumbList","@id":"https:\/\/www.museebeaulne.ca\/en\/board-of-directors\/#breadcrumb","itemListElement":[{"@type":"ListItem","position":1,"name":"Accueil","item":"https:\/\/www.museebeaulne.ca\/en\/"},{"@type":"ListItem","position":2,"name":"Board of Directors"}]},{"@type":"WebSite","@id":"https:\/\/www.museebeaulne.ca\/#website","url":"https:\/\/www.museebeaulne.ca\/","name":"Beaulne Museum","description":"","publisher":{"@id":"https:\/\/www.museebeaulne.ca\/#organization"},"potentialAction":[{"@type":"SearchAction","target":{"@type":"EntryPoint","urlTemplate":"https:\/\/www.museebeaulne.ca\/?s={search_term_string}"},"query-input":{"@type":"PropertyValueSpecification","valueRequired":true,"valueName":"search_term_string"}}],"inLanguage":"en-US"},{"@type":"Organization","@id":"https:\/\/www.museebeaulne.ca\/#organization","name":"Mus\u00e9e Beaulne","url":"https:\/\/www.museebeaulne.ca\/","logo":{"@type":"ImageObject","inLanguage":"en-US","@id":"https:\/\/www.museebeaulne.ca\/#\/schema\/logo\/image\/","url":"https:\/\/www.museebeaulne.ca\/wp-content\/uploads\/2020\/11\/logo-horizontal.png","contentUrl":"https:\/\/www.museebeaulne.ca\/wp-content\/uploads\/2020\/11\/logo-horizontal.png","width":600,"height":233,"caption":"Mus\u00e9e Beaulne"},"image":{"@id":"https:\/\/www.museebeaulne.ca\/#\/schema\/logo\/image\/"},"sameAs":["https:\/\/www.facebook.com\/museebeaulne"]}]}},"_links":{"self":[{"href":"https:\/\/www.museebeaulne.ca\/en\/wp-json\/wp\/v2\/pages\/1247","targetHints":{"allow":["GET"]}}],"collection":[{"href":"https:\/\/www.museebeaulne.ca\/en\/wp-json\/wp\/v2\/pages"}],"about":[{"href":"https:\/\/www.museebeaulne.ca\/en\/wp-json\/wp\/v2\/types\/page"}],"author":[{"embeddable":true,"href":"https:\/\/www.museebeaulne.ca\/en\/wp-json\/wp\/v2\/users\/1"}],"replies":[{"embeddable":true,"href":"https:\/\/www.museebeaulne.ca\/en\/wp-json\/wp\/v2\/comments?post=1247"}],"version-history":[{"count":9,"href":"https:\/\/www.museebeaulne.ca\/en\/wp-json\/wp\/v2\/pages\/1247\/revisions"}],"predecessor-version":[{"id":3963,"href":"https:\/\/www.museebeaulne.ca\/en\/wp-json\/wp\/v2\/pages\/1247\/revisions\/3963"}],"wp:attachment":[{"href":"https:\/\/www.museebeaulne.ca\/en\/wp-json\/wp\/v2\/media?parent=1247"}],"curies":[{"name":"wp","href":"https:\/\/api.w.org\/{rel}","templated":true}]}}