{"id":1259,"date":"2021-01-07T10:07:41","date_gmt":"2021-01-07T15:07:41","guid":{"rendered":"https:\/\/www.museebeaulne.ca\/?page_id=1259"},"modified":"2026-01-07T10:19:40","modified_gmt":"2026-01-07T15:19:40","slug":"hours-and-fees","status":"publish","type":"page","link":"https:\/\/www.museebeaulne.ca\/en\/hours-and-fees\/","title":{"rendered":"Hours and Fees"},"content":{"rendered":"<p><!-- Intro --><\/p>\n<section class=\"cms-repeatable pt-70px pb-20px mb-10px\">\n<div class=\"container\">\n<div class=\"row\">\n<div class=\"col aligne-centre\">\n<h1 class=\"wow fadeIn\">Hours and Fees<\/h1>\n<\/p><\/div>\n<\/p><\/div>\n<\/p><\/div>\n<\/section>\n<p><!-- \/\/Intro --><\/p>\n<p><!-- Contenu --><\/p>\n<section class=\"cms-repeatable pb-20px mb-40px\">\n<div class=\"container\">\n<div class=\"row justify-content-center\">\n<div class=\"col-lg-8 aligne-centre\">\n<div class=\"lc-block\">\n<div class=\"fond-beige bordure bordure-grise p-30px p-50px wow zoomInSmall\" editable=\"rich\">\n<p><\/p>\n<p class=\"text-center\"><strong>Schedule for the 16th of September to the 15th May<\/strong><br \/>Every day from 1:00pm to 4:30pm<\/p>\n<p class=\"text-center\"><strong>Schedule for the 16th of May to the 15th of September<\/strong><br \/>Tuerday to Sunday from 10:00am to 5:00pm<\/p>\n<p class=\"text-center\">The Museum will be <strong>CLOSED<\/strong> on December 24, December 25 and January 1, and <strong>OPEN<\/strong> on other days during the holiday season from 1 p.m. to 4:30 p.m.<\/p>\n<\/p><\/div>\n<\/p><\/div>\n<\/p><\/div>\n<\/p><\/div>\n<\/p><\/div>\n<\/section>\n<p><!-- \/\/Contenu --><\/p>\n<p><!-- Bande rouge --><\/p>\n<section class=\"cms-repeatable pt-60px pt-lg-90px pb-80px fond-rouge-fioriture fond-scratch fond-fonce wow fadeIn\" data-wow-duration=\"2s\">\n<div class=\"container\">\n<div class=\"row justify-content-center\">\n<div class=\"col-md-6 col-xl-5 pr-md-30px pr-lg-70px bordure-md-0\">\n<h4 class=\"texte-tres-gros pb-5px mb-3 bordure-bas bordure-blanche text-left\">RATES<\/h4>\n<div class=\"mb-30px\">\n<div class=\"row\">\n<div class=\"col-8 text-left mb-10px\">\n<p>Adults<\/p>\n<\/p><\/div>\n<div class=\"col-4 text-right mb-10px\">\n<p>$12,00<\/p>\n<\/p><\/div>\n<\/p><\/div>\n<div class=\"row\">\n<div class=\"col-8 text-left mb-10px\">\n<p>Seniors<\/p>\n<\/p><\/div>\n<div class=\"col-4 text-right mb-10px\">\n<p>$10,00<\/p>\n<\/p><\/div>\n<\/p><\/div>\n<div class=\"row\">\n<div class=\"col-8 text-left mb-10px\">\n<p>Students<\/p>\n<\/p><\/div>\n<div class=\"col-4 text-right mb-10px\">\n<p>$8,00<\/p>\n<\/p><\/div>\n<\/p><\/div>\n<div class=\"row\">\n<div class=\"col-8 text-left mb-10px\">\n<p>Children under 6 years of age-Free<\/p>\n<\/p><\/div>\n<div class=\"col-4 text-right mb-10px\">\n<p>Free<\/p>\n<\/p><\/div>\n<\/p><\/div>\n<p style=\"margin-left:-5px\"><a href=\"https:\/\/www.zeffy.com\/fr-CA\/ticketing\/573319c0-07dd-42ca-ab38-e1d55799c66b\" class=\"btn btn-blanc\" target=\"_blank\" rel=\"noopener noreferrer\"><span class=\"btn__content\">Buy individual tickets<\/span><\/a><\/p>\n<\/p><\/div>\n<h4 class=\"texte-tres-gros pb-5px mb-3 bordure-bas bordure-blanche text-left\">FAMILY<\/h4>\n<div class=\"mb-30px\">\n<div class=\"row\">\n<div class=\"col-8 text-left mb-10px\">\n<p>Family (max. 5 pers.) <\/p>\n<\/p><\/div>\n<div class=\"col-4 text-right mb-10px\">\n<p>$25.00<\/p>\n<\/p><\/div>\n<\/p><\/div>\n<p style=\"margin-left:-5px\"><a href=\"https:\/\/www.zeffy.com\/fr-CA\/ticketing\/fa5c34b6-3397-47a0-a5a0-247f8221e0ed\" class=\"btn btn-blanc\" target=\"_blank\" rel=\"noopener noreferrer\"><span class=\"btn__content\">Buy family tickets<\/span><\/a><\/p>\n<\/p><\/div>\n<\/p><\/div>\n<div class=\"col-md-6 col-xl-5 pl-md-30px pl-lg-60px pb-md-100px\">\n<h4 class=\"texte-tres-gros pb-5px mb-3 bordure-bas bordure-blanche text-left\">GROUPS OF 15 PEOPLE OR&nbsp;MORE<\/h4>\n<div class=\"mb-30px\">\n<div class=\"row\">\n<div class=\"col-8 text-left mb-10px\">\n<p>Adults<\/p>\n<\/p><\/div>\n<div class=\"col-4 text-right mb-10px\">\n<p>$10,00<\/p>\n<\/p><\/div>\n<\/p><\/div>\n<div class=\"row\">\n<div class=\"col-8 text-left mb-10px\">\n<p>Seniors<\/p>\n<\/p><\/div>\n<div class=\"col-4 text-right mb-10px\">\n<p>$8,00<\/p>\n<\/p><\/div>\n<\/p><\/div>\n<div class=\"row\">\n<div class=\"col-8 text-left mb-10px\">\n<p>Students <\/p>\n<\/p><\/div>\n<div class=\"col-4 text-right mb-10px\">\n<p>$6,00<\/p>\n<\/p><\/div>\n<\/p><\/div>\n<div class=\"row\">\n<div class=\"col-8 text-left mb-10px\">\n<p>Children under 6 years of age<\/p>\n<\/p><\/div>\n<div class=\"col-4 text-right mb-10px\">\n<p>Free<\/p>\n<\/p><\/div>\n<\/p><\/div>\n<p style=\"margin-left:-5px\"><a href=\"https:\/\/www.zeffy.com\/fr-CA\/ticketing\/a06752bc-5ece-4088-90ba-406d337d5f90\" class=\"btn btn-blanc\" target=\"_blank\" rel=\"noopener noreferrer\"><span class=\"btn__content\">Buy group tickets<\/span><\/a><\/p>\n<\/p><\/div>\n<\/p><\/div>\n<\/p><\/div>\n<\/p><\/div>\n<\/section>\n<p><!-- \/\/Bande rouge --><\/p>\n<p><!-- Questions --><\/p>\n<section class=\"cms-repeatable pt-50px pt-lg-100px pb-20px\">\n<div class=\"container pt-md-50px\">\n<div class=\"objet-telephone position-absolute d-none d-md-block wow slideInLeft\" style=\"top: -180px; left: 10%;\">\n<div class=\"parallax-item-seul-lefttoright\" data-speed=\".2\"><img decoding=\"async\" src=\"\/images\/telephone.png\" alt=\"T\u00e9l\u00e9phone antique Mus\u00e9e Beaulne Coaticook\" class=\"\" width=\"370\"><\/div>\n<\/p><\/div>\n<div class=\"row\">\n<div class=\"col aligne-centre\">\n<p class=\"d-block d-md-none\"><img decoding=\"async\" src=\"\/images\/telephone.png\" alt=\"T\u00e9l\u00e9phone antique Mus\u00e9e Beaulne Coaticook\" class=\"\" width=\"300\"><\/p>\n<p class=\"texte-tres-tres-gros texte-rouge texte-serif mb-40px wow fadeIn\">Do you have any questions?<\/p>\n<p class=\"wow fadeIn\"><a href=\"https:\/\/www.museebeaulne.ca\/en\/contact\/\" class=\"btn btn-blanc\"><span class=\"btn__content\">Contact&nbsp;us<\/span><\/a><\/p>\n<\/p><\/div>\n<\/p><\/div>\n<\/p><\/div>\n<\/section>\n<p><!-- \/\/Questions --><\/p>\n","protected":false},"excerpt":{"rendered":"<p>Hours and Fees Schedule for the 16th of September to the 15th MayEvery day from 1:00pm to 4:30pm Schedule for the 16th of May to the 15th of SeptemberTuerday to Sunday from 10:00am to 5:00pm The Museum will be CLOSED&#8230; <a href=\"https:\/\/www.museebeaulne.ca\/en\/hours-and-fees\/\">Lire la suite<\/a> [&#8230;]<\/p>\n<p><a class=\"btn btn-secondary understrap-read-more-link\" href=\"https:\/\/www.museebeaulne.ca\/en\/hours-and-fees\/\">Read More&#8230;<\/a><\/p>\n","protected":false},"author":1,"featured_media":0,"parent":0,"menu_order":0,"comment_status":"closed","ping_status":"closed","template":"pages-templates\/page-standard.php","meta":{"footnotes":""},"class_list":["post-1259","page","type-page","status-publish","hentry"],"yoast_head":"<!-- This site is optimized with the Yoast SEO plugin v26.0 - https:\/\/yoast.com\/wordpress\/plugins\/seo\/ -->\n<title>Hours and Fees - Beaulne Museum<\/title>\n<meta name=\"robots\" content=\"index, follow, max-snippet:-1, max-image-preview:large, max-video-preview:-1\" \/>\n<link rel=\"canonical\" href=\"https:\/\/www.museebeaulne.ca\/en\/hours-and-fees\/\" \/>\n<meta property=\"og:locale\" content=\"en_US\" \/>\n<meta property=\"og:type\" content=\"article\" \/>\n<meta property=\"og:title\" content=\"Hours and Fees - Beaulne Museum\" \/>\n<meta property=\"og:description\" content=\"Hours and Fees Schedule for the 16th of September to the 15th MayEvery day from 1:00pm to 4:30pm Schedule for the 16th of May to the 15th of SeptemberTuerday to Sunday from 10:00am to 5:00pm The Museum will be CLOSED... Lire la suite [...]Read More...\" \/>\n<meta property=\"og:url\" content=\"https:\/\/www.museebeaulne.ca\/en\/hours-and-fees\/\" \/>\n<meta property=\"og:site_name\" content=\"Beaulne Museum\" \/>\n<meta property=\"article:publisher\" content=\"https:\/\/www.facebook.com\/museebeaulne\" \/>\n<meta property=\"article:modified_time\" content=\"2026-01-07T15:19:40+00:00\" \/>\n<meta name=\"twitter:card\" content=\"summary_large_image\" \/>\n<meta name=\"twitter:label1\" content=\"Est. reading time\" \/>\n\t<meta name=\"twitter:data1\" content=\"1 minute\" \/>\n<script type=\"application\/ld+json\" class=\"yoast-schema-graph\">{\"@context\":\"https:\/\/schema.org\",\"@graph\":[{\"@type\":\"WebPage\",\"@id\":\"https:\/\/www.museebeaulne.ca\/en\/hours-and-fees\/\",\"url\":\"https:\/\/www.museebeaulne.ca\/en\/hours-and-fees\/\",\"name\":\"Hours and Fees - Beaulne Museum\",\"isPartOf\":{\"@id\":\"https:\/\/www.museebeaulne.ca\/#website\"},\"datePublished\":\"2021-01-07T15:07:41+00:00\",\"dateModified\":\"2026-01-07T15:19:40+00:00\",\"breadcrumb\":{\"@id\":\"https:\/\/www.museebeaulne.ca\/en\/hours-and-fees\/#breadcrumb\"},\"inLanguage\":\"en-US\",\"potentialAction\":[{\"@type\":\"ReadAction\",\"target\":[\"https:\/\/www.museebeaulne.ca\/en\/hours-and-fees\/\"]}]},{\"@type\":\"BreadcrumbList\",\"@id\":\"https:\/\/www.museebeaulne.ca\/en\/hours-and-fees\/#breadcrumb\",\"itemListElement\":[{\"@type\":\"ListItem\",\"position\":1,\"name\":\"Accueil\",\"item\":\"https:\/\/www.museebeaulne.ca\/en\/\"},{\"@type\":\"ListItem\",\"position\":2,\"name\":\"Hours and Fees\"}]},{\"@type\":\"WebSite\",\"@id\":\"https:\/\/www.museebeaulne.ca\/#website\",\"url\":\"https:\/\/www.museebeaulne.ca\/\",\"name\":\"Beaulne Museum\",\"description\":\"\",\"publisher\":{\"@id\":\"https:\/\/www.museebeaulne.ca\/#organization\"},\"potentialAction\":[{\"@type\":\"SearchAction\",\"target\":{\"@type\":\"EntryPoint\",\"urlTemplate\":\"https:\/\/www.museebeaulne.ca\/?s={search_term_string}\"},\"query-input\":{\"@type\":\"PropertyValueSpecification\",\"valueRequired\":true,\"valueName\":\"search_term_string\"}}],\"inLanguage\":\"en-US\"},{\"@type\":\"Organization\",\"@id\":\"https:\/\/www.museebeaulne.ca\/#organization\",\"name\":\"Mus\u00e9e Beaulne\",\"url\":\"https:\/\/www.museebeaulne.ca\/\",\"logo\":{\"@type\":\"ImageObject\",\"inLanguage\":\"en-US\",\"@id\":\"https:\/\/www.museebeaulne.ca\/#\/schema\/logo\/image\/\",\"url\":\"https:\/\/www.museebeaulne.ca\/wp-content\/uploads\/2020\/11\/logo-horizontal.png\",\"contentUrl\":\"https:\/\/www.museebeaulne.ca\/wp-content\/uploads\/2020\/11\/logo-horizontal.png\",\"width\":600,\"height\":233,\"caption\":\"Mus\u00e9e Beaulne\"},\"image\":{\"@id\":\"https:\/\/www.museebeaulne.ca\/#\/schema\/logo\/image\/\"},\"sameAs\":[\"https:\/\/www.facebook.com\/museebeaulne\"]}]}<\/script>\n<!-- \/ Yoast SEO plugin. -->","yoast_head_json":{"title":"Hours and Fees - Beaulne Museum","robots":{"index":"index","follow":"follow","max-snippet":"max-snippet:-1","max-image-preview":"max-image-preview:large","max-video-preview":"max-video-preview:-1"},"canonical":"https:\/\/www.museebeaulne.ca\/en\/hours-and-fees\/","og_locale":"en_US","og_type":"article","og_title":"Hours and Fees - Beaulne Museum","og_description":"Hours and Fees Schedule for the 16th of September to the 15th MayEvery day from 1:00pm to 4:30pm Schedule for the 16th of May to the 15th of SeptemberTuerday to Sunday from 10:00am to 5:00pm The Museum will be CLOSED... Lire la suite [...]Read More...","og_url":"https:\/\/www.museebeaulne.ca\/en\/hours-and-fees\/","og_site_name":"Beaulne Museum","article_publisher":"https:\/\/www.facebook.com\/museebeaulne","article_modified_time":"2026-01-07T15:19:40+00:00","twitter_card":"summary_large_image","twitter_misc":{"Est. reading time":"1 minute"},"schema":{"@context":"https:\/\/schema.org","@graph":[{"@type":"WebPage","@id":"https:\/\/www.museebeaulne.ca\/en\/hours-and-fees\/","url":"https:\/\/www.museebeaulne.ca\/en\/hours-and-fees\/","name":"Hours and Fees - Beaulne Museum","isPartOf":{"@id":"https:\/\/www.museebeaulne.ca\/#website"},"datePublished":"2021-01-07T15:07:41+00:00","dateModified":"2026-01-07T15:19:40+00:00","breadcrumb":{"@id":"https:\/\/www.museebeaulne.ca\/en\/hours-and-fees\/#breadcrumb"},"inLanguage":"en-US","potentialAction":[{"@type":"ReadAction","target":["https:\/\/www.museebeaulne.ca\/en\/hours-and-fees\/"]}]},{"@type":"BreadcrumbList","@id":"https:\/\/www.museebeaulne.ca\/en\/hours-and-fees\/#breadcrumb","itemListElement":[{"@type":"ListItem","position":1,"name":"Accueil","item":"https:\/\/www.museebeaulne.ca\/en\/"},{"@type":"ListItem","position":2,"name":"Hours and Fees"}]},{"@type":"WebSite","@id":"https:\/\/www.museebeaulne.ca\/#website","url":"https:\/\/www.museebeaulne.ca\/","name":"Beaulne Museum","description":"","publisher":{"@id":"https:\/\/www.museebeaulne.ca\/#organization"},"potentialAction":[{"@type":"SearchAction","target":{"@type":"EntryPoint","urlTemplate":"https:\/\/www.museebeaulne.ca\/?s={search_term_string}"},"query-input":{"@type":"PropertyValueSpecification","valueRequired":true,"valueName":"search_term_string"}}],"inLanguage":"en-US"},{"@type":"Organization","@id":"https:\/\/www.museebeaulne.ca\/#organization","name":"Mus\u00e9e Beaulne","url":"https:\/\/www.museebeaulne.ca\/","logo":{"@type":"ImageObject","inLanguage":"en-US","@id":"https:\/\/www.museebeaulne.ca\/#\/schema\/logo\/image\/","url":"https:\/\/www.museebeaulne.ca\/wp-content\/uploads\/2020\/11\/logo-horizontal.png","contentUrl":"https:\/\/www.museebeaulne.ca\/wp-content\/uploads\/2020\/11\/logo-horizontal.png","width":600,"height":233,"caption":"Mus\u00e9e Beaulne"},"image":{"@id":"https:\/\/www.museebeaulne.ca\/#\/schema\/logo\/image\/"},"sameAs":["https:\/\/www.facebook.com\/museebeaulne"]}]}},"_links":{"self":[{"href":"https:\/\/www.museebeaulne.ca\/en\/wp-json\/wp\/v2\/pages\/1259","targetHints":{"allow":["GET"]}}],"collection":[{"href":"https:\/\/www.museebeaulne.ca\/en\/wp-json\/wp\/v2\/pages"}],"about":[{"href":"https:\/\/www.museebeaulne.ca\/en\/wp-json\/wp\/v2\/types\/page"}],"author":[{"embeddable":true,"href":"https:\/\/www.museebeaulne.ca\/en\/wp-json\/wp\/v2\/users\/1"}],"replies":[{"embeddable":true,"href":"https:\/\/www.museebeaulne.ca\/en\/wp-json\/wp\/v2\/comments?post=1259"}],"version-history":[{"count":28,"href":"https:\/\/www.museebeaulne.ca\/en\/wp-json\/wp\/v2\/pages\/1259\/revisions"}],"predecessor-version":[{"id":3885,"href":"https:\/\/www.museebeaulne.ca\/en\/wp-json\/wp\/v2\/pages\/1259\/revisions\/3885"}],"wp:attachment":[{"href":"https:\/\/www.museebeaulne.ca\/en\/wp-json\/wp\/v2\/media?parent=1259"}],"curies":[{"name":"wp","href":"https:\/\/api.w.org\/{rel}","templated":true}]}}