{"id":4043,"date":"2026-05-06T12:53:17","date_gmt":"2026-05-06T16:53:17","guid":{"rendered":"https:\/\/www.museebeaulne.ca\/?page_id=4043"},"modified":"2026-05-06T13:39:06","modified_gmt":"2026-05-06T17:39:06","slug":"volunteering","status":"publish","type":"page","link":"https:\/\/www.museebeaulne.ca\/en\/volunteering\/","title":{"rendered":"Volunteering"},"content":{"rendered":"<section>\n<style type=\"text\/css\">\n                    @media (max-width: 768px) {\n                        .photo-top__slide1 { background-image: url(\"\/images\/benevoles\/photo-top-md.jpg\") !important; }\n                    }\n                    @media (min-width: 769px) {\n                        .photo-top__slide1 { background-image: url(\"\/images\/benevoles\/photo-top-lg.jpg\") !important; background-position: center bottom; }\n                    }\n                <\/style>\n<div class=\"photo-top-container\">\n<div class=\"photo-top\">\n\t\t\t<!-- Slide --><\/p>\n<div class=\"photo-top__img\" id=\"photo-top__img\">\n<div class=\"photo-top__slide photo-top__slide1\"><\/div>\n<div class=\"photo-top__texte d-flex justify-content-center align-items-center\">\n<div class=\"photo-top__texte-content\">\n<div class=\"texte-tres-jumbo mb-0\">VOLUNTEERS NEEDED<\/div>\n<\/p><\/div>\n<\/p><\/div>\n<\/p><\/div>\n<p>\t\t\t<!-- \/\/Slide -->\n\t\t<\/div>\n<\/p><\/div>\n<\/section>\n<p><!-- Intro --><\/p>\n<section class=\"cms-repeatable fond-fioriture-haut-gauche-gris-pale pt-100px pb-80px wow fadeIn\" data-wow-duration=\"2s\">\n<div class=\"container\">\n<div class=\"row mb-80px\">\n<div class=\"col-lg-12 aligne-centre\" editable=\"rich\">\n<p class=\"mb-1 texte-gros\">Are you interested in history, heritage, and art?<br \/>Do you want to get involved and enjoy working with the public?<br \/>Volunteer at the Beaulne Museum!<\/p>\n<p class=\"mb-1 texte-gros\">&nbsp;<span>&nbsp;<\/span><\/p>\n<h5><strong>Our current needs :<\/strong><\/h5>\n<ul>\n<li>Occasional guide for group tours and tea &amp; scone service<\/li>\n<li>Help with preparations and attending exhibition openings<\/li>\n<li>&nbsp;During \u201cLes plaisirs des th\u00e9s\u201d every Wednesday in July and August:\n<ul>\n<li>cash management<\/li>\n<li>welcome visitors<\/li>\n<li>help with table organization<\/li>\n<li>help in the kitchen<\/li>\n<li>tea service<\/li>\n<\/ul>\n<\/li>\n<\/ul><\/div>\n<\/p><\/div>\n<\/p><\/div>\n<\/section>\n<p><!-- \/\/Intro --><\/p>\n<p><!-- Bande rouge --><\/p>\n<div class=\"section-bande-rouge cms-repeatable fond-rouge-fioriture fond-scratch--haut fond-fonce wow fadeIn\">\n<div class=\"container\">\n<div class=\"row\">\n<div class=\"col mb-60px\">\n<div class=\"lc-block\">\n<div editable=\"rich\">\n<h2 class=\"text-center\">Benefits of volunteering at the Beaulne Museum<\/h2>\n<ul>\n<li>Free membership card<\/li>\n<li>Chance to win a pair of tickets for our Christmas Tea<\/li>\n<li>Meal or dessert provided, depending on the event<\/li>\n<li>Participate in the events committee<\/li>\n<\/ul>\n<\/p><\/div>\n<\/p><\/div>\n<p><!-- \/lc-block -->\n\t\t\t<\/div>\n<p><!-- \/col -->\n\t\t<\/div>\n<\/p><\/div>\n<div class=\"container-fluid\">\n<div class=\"row justify-content-center mb-40px\">\n<div class=\"col-lg-4 text-center mr-lg-n100px mt-lg-30px zindex-10 wow slideInLeft\" editable=\"rich\">\n\t\t\t\t<img decoding=\"async\" src=\"https:\/\/www.museebeaulne.ca\/wp-content\/uploads\/2026\/05\/guide-occasionel.jpeg\" alt=\"\" class=\"ombrage bordure bordure-blanche bordure-10px rotate-5deg\" width=\"640\" height=\"\">\n\t\t\t<\/div>\n<div class=\"col-lg-4 text-center wow zoomIn\" editable=\"rich\">\n\t\t\t\t<img decoding=\"async\" src=\"https:\/\/www.museebeaulne.ca\/wp-content\/uploads\/2026\/05\/aide-au-vernissage.jpg\" alt=\"\" class=\"ombrage bordure bordure-blanche bordure-10px\" width=\"640\" height=\"\">\n\t\t\t<\/div>\n<div class=\"col-lg-3 text-center ml-lg-n100px mt-lg-60px wow slideInRight\" editable=\"rich\">\n\t\t\t\t<img decoding=\"async\" src=\"https:\/\/www.museebeaulne.ca\/wp-content\/uploads\/2026\/05\/service-du-the.jpg\" alt=\"\" class=\"ombrage bordure bordure-blanche bordure-10px rotate-n3deg\" width=\"400\" height=\"\">\n\t\t\t<\/div>\n<\/p><\/div>\n<\/p><\/div>\n<\/div>\n<p><!-- \/\/Bande rouge --><\/p>\n<p><!-- Galerie --><\/p>\n<p><!-- \/\/Galerie --><\/p>\n<section class=\"fond-beige pt-150px pb-150px\">\n<div class=\"container\">\n<div class=\"row justify-content-center\">\n<div class=\"col-lg-12 aligne-centre texte-gros\" editable=\"rich\">\n<h4 class=\"texte-rouge text-center\">Pour soulignez votre int\u00e9r\u00eat ou pour toutes questions suppl\u00e9mentaires&nbsp;:<\/h4>\n<p><strong><a href=\"mailtoinfo@museebeaulne.ca\">info@museebeaulne.ca<\/a> ou par t\u00e9l\u00e9phone 819-849-6560 poste&nbsp;2<\/strong><\/p>\n<\/p><\/div>\n<\/p><\/div>\n<\/p><\/div>\n<\/section>\n","protected":false},"excerpt":{"rendered":"<p>VOLUNTEERS NEEDED Are you interested in history, heritage, and art?Do you want to get involved and enjoy working with the public?Volunteer at the Beaulne Museum! &nbsp;&nbsp; Our current needs : Occasional guide for group tours and tea &amp; scone service&#8230; <a href=\"https:\/\/www.museebeaulne.ca\/en\/volunteering\/\">Lire la suite<\/a> [&#8230;]<\/p>\n<p><a class=\"btn btn-secondary understrap-read-more-link\" href=\"https:\/\/www.museebeaulne.ca\/en\/volunteering\/\">Read More&#8230;<\/a><\/p>\n","protected":false},"author":1,"featured_media":0,"parent":0,"menu_order":0,"comment_status":"closed","ping_status":"closed","template":"page-templates\/empty.php","meta":{"footnotes":""},"class_list":["post-4043","page","type-page","status-publish","hentry"],"yoast_head":"<!-- This site is optimized with the Yoast SEO plugin v26.0 - https:\/\/yoast.com\/wordpress\/plugins\/seo\/ -->\n<title>Volunteering - Beaulne Museum<\/title>\n<meta name=\"robots\" content=\"index, follow, max-snippet:-1, max-image-preview:large, max-video-preview:-1\" \/>\n<link rel=\"canonical\" href=\"https:\/\/www.museebeaulne.ca\/en\/volunteering\/\" \/>\n<meta property=\"og:locale\" content=\"en_US\" \/>\n<meta property=\"og:type\" content=\"article\" \/>\n<meta property=\"og:title\" content=\"Volunteering - Beaulne Museum\" \/>\n<meta property=\"og:description\" content=\"VOLUNTEERS NEEDED Are you interested in history, heritage, and art?Do you want to get involved and enjoy working with the public?Volunteer at the Beaulne Museum! &nbsp;&nbsp; Our current needs : Occasional guide for group tours and tea &amp; scone service... Lire la suite [...]Read More...\" \/>\n<meta property=\"og:url\" content=\"https:\/\/www.museebeaulne.ca\/en\/volunteering\/\" \/>\n<meta property=\"og:site_name\" content=\"Beaulne Museum\" \/>\n<meta property=\"article:publisher\" content=\"https:\/\/www.facebook.com\/museebeaulne\" \/>\n<meta property=\"article:modified_time\" content=\"2026-05-06T17:39:06+00:00\" \/>\n<meta property=\"og:image\" content=\"https:\/\/www.museebeaulne.ca\/wp-content\/uploads\/2026\/05\/guide-occasionel.jpeg\" \/>\n<meta name=\"twitter:card\" content=\"summary_large_image\" \/>\n<script type=\"application\/ld+json\" class=\"yoast-schema-graph\">{\"@context\":\"https:\/\/schema.org\",\"@graph\":[{\"@type\":\"WebPage\",\"@id\":\"https:\/\/www.museebeaulne.ca\/en\/volunteering\/\",\"url\":\"https:\/\/www.museebeaulne.ca\/en\/volunteering\/\",\"name\":\"Volunteering - Beaulne Museum\",\"isPartOf\":{\"@id\":\"https:\/\/www.museebeaulne.ca\/#website\"},\"primaryImageOfPage\":{\"@id\":\"https:\/\/www.museebeaulne.ca\/en\/volunteering\/#primaryimage\"},\"image\":{\"@id\":\"https:\/\/www.museebeaulne.ca\/en\/volunteering\/#primaryimage\"},\"thumbnailUrl\":\"https:\/\/www.museebeaulne.ca\/wp-content\/uploads\/2026\/05\/guide-occasionel.jpeg\",\"datePublished\":\"2026-05-06T16:53:17+00:00\",\"dateModified\":\"2026-05-06T17:39:06+00:00\",\"breadcrumb\":{\"@id\":\"https:\/\/www.museebeaulne.ca\/en\/volunteering\/#breadcrumb\"},\"inLanguage\":\"en-US\",\"potentialAction\":[{\"@type\":\"ReadAction\",\"target\":[\"https:\/\/www.museebeaulne.ca\/en\/volunteering\/\"]}]},{\"@type\":\"ImageObject\",\"inLanguage\":\"en-US\",\"@id\":\"https:\/\/www.museebeaulne.ca\/en\/volunteering\/#primaryimage\",\"url\":\"https:\/\/www.museebeaulne.ca\/wp-content\/uploads\/2026\/05\/guide-occasionel.jpeg\",\"contentUrl\":\"https:\/\/www.museebeaulne.ca\/wp-content\/uploads\/2026\/05\/guide-occasionel.jpeg\"},{\"@type\":\"BreadcrumbList\",\"@id\":\"https:\/\/www.museebeaulne.ca\/en\/volunteering\/#breadcrumb\",\"itemListElement\":[{\"@type\":\"ListItem\",\"position\":1,\"name\":\"Accueil\",\"item\":\"https:\/\/www.museebeaulne.ca\/en\/\"},{\"@type\":\"ListItem\",\"position\":2,\"name\":\"Volunteering\"}]},{\"@type\":\"WebSite\",\"@id\":\"https:\/\/www.museebeaulne.ca\/#website\",\"url\":\"https:\/\/www.museebeaulne.ca\/\",\"name\":\"Beaulne Museum\",\"description\":\"\",\"publisher\":{\"@id\":\"https:\/\/www.museebeaulne.ca\/#organization\"},\"potentialAction\":[{\"@type\":\"SearchAction\",\"target\":{\"@type\":\"EntryPoint\",\"urlTemplate\":\"https:\/\/www.museebeaulne.ca\/?s={search_term_string}\"},\"query-input\":{\"@type\":\"PropertyValueSpecification\",\"valueRequired\":true,\"valueName\":\"search_term_string\"}}],\"inLanguage\":\"en-US\"},{\"@type\":\"Organization\",\"@id\":\"https:\/\/www.museebeaulne.ca\/#organization\",\"name\":\"Mus\u00e9e Beaulne\",\"url\":\"https:\/\/www.museebeaulne.ca\/\",\"logo\":{\"@type\":\"ImageObject\",\"inLanguage\":\"en-US\",\"@id\":\"https:\/\/www.museebeaulne.ca\/#\/schema\/logo\/image\/\",\"url\":\"https:\/\/www.museebeaulne.ca\/wp-content\/uploads\/2020\/11\/logo-horizontal.png\",\"contentUrl\":\"https:\/\/www.museebeaulne.ca\/wp-content\/uploads\/2020\/11\/logo-horizontal.png\",\"width\":600,\"height\":233,\"caption\":\"Mus\u00e9e Beaulne\"},\"image\":{\"@id\":\"https:\/\/www.museebeaulne.ca\/#\/schema\/logo\/image\/\"},\"sameAs\":[\"https:\/\/www.facebook.com\/museebeaulne\"]}]}<\/script>\n<!-- \/ Yoast SEO plugin. -->","yoast_head_json":{"title":"Volunteering - Beaulne Museum","robots":{"index":"index","follow":"follow","max-snippet":"max-snippet:-1","max-image-preview":"max-image-preview:large","max-video-preview":"max-video-preview:-1"},"canonical":"https:\/\/www.museebeaulne.ca\/en\/volunteering\/","og_locale":"en_US","og_type":"article","og_title":"Volunteering - Beaulne Museum","og_description":"VOLUNTEERS NEEDED Are you interested in history, heritage, and art?Do you want to get involved and enjoy working with the public?Volunteer at the Beaulne Museum! &nbsp;&nbsp; Our current needs : Occasional guide for group tours and tea &amp; scone service... Lire la suite [...]Read More...","og_url":"https:\/\/www.museebeaulne.ca\/en\/volunteering\/","og_site_name":"Beaulne Museum","article_publisher":"https:\/\/www.facebook.com\/museebeaulne","article_modified_time":"2026-05-06T17:39:06+00:00","og_image":[{"url":"https:\/\/www.museebeaulne.ca\/wp-content\/uploads\/2026\/05\/guide-occasionel.jpeg","type":"","width":"","height":""}],"twitter_card":"summary_large_image","schema":{"@context":"https:\/\/schema.org","@graph":[{"@type":"WebPage","@id":"https:\/\/www.museebeaulne.ca\/en\/volunteering\/","url":"https:\/\/www.museebeaulne.ca\/en\/volunteering\/","name":"Volunteering - Beaulne Museum","isPartOf":{"@id":"https:\/\/www.museebeaulne.ca\/#website"},"primaryImageOfPage":{"@id":"https:\/\/www.museebeaulne.ca\/en\/volunteering\/#primaryimage"},"image":{"@id":"https:\/\/www.museebeaulne.ca\/en\/volunteering\/#primaryimage"},"thumbnailUrl":"https:\/\/www.museebeaulne.ca\/wp-content\/uploads\/2026\/05\/guide-occasionel.jpeg","datePublished":"2026-05-06T16:53:17+00:00","dateModified":"2026-05-06T17:39:06+00:00","breadcrumb":{"@id":"https:\/\/www.museebeaulne.ca\/en\/volunteering\/#breadcrumb"},"inLanguage":"en-US","potentialAction":[{"@type":"ReadAction","target":["https:\/\/www.museebeaulne.ca\/en\/volunteering\/"]}]},{"@type":"ImageObject","inLanguage":"en-US","@id":"https:\/\/www.museebeaulne.ca\/en\/volunteering\/#primaryimage","url":"https:\/\/www.museebeaulne.ca\/wp-content\/uploads\/2026\/05\/guide-occasionel.jpeg","contentUrl":"https:\/\/www.museebeaulne.ca\/wp-content\/uploads\/2026\/05\/guide-occasionel.jpeg"},{"@type":"BreadcrumbList","@id":"https:\/\/www.museebeaulne.ca\/en\/volunteering\/#breadcrumb","itemListElement":[{"@type":"ListItem","position":1,"name":"Accueil","item":"https:\/\/www.museebeaulne.ca\/en\/"},{"@type":"ListItem","position":2,"name":"Volunteering"}]},{"@type":"WebSite","@id":"https:\/\/www.museebeaulne.ca\/#website","url":"https:\/\/www.museebeaulne.ca\/","name":"Beaulne Museum","description":"","publisher":{"@id":"https:\/\/www.museebeaulne.ca\/#organization"},"potentialAction":[{"@type":"SearchAction","target":{"@type":"EntryPoint","urlTemplate":"https:\/\/www.museebeaulne.ca\/?s={search_term_string}"},"query-input":{"@type":"PropertyValueSpecification","valueRequired":true,"valueName":"search_term_string"}}],"inLanguage":"en-US"},{"@type":"Organization","@id":"https:\/\/www.museebeaulne.ca\/#organization","name":"Mus\u00e9e Beaulne","url":"https:\/\/www.museebeaulne.ca\/","logo":{"@type":"ImageObject","inLanguage":"en-US","@id":"https:\/\/www.museebeaulne.ca\/#\/schema\/logo\/image\/","url":"https:\/\/www.museebeaulne.ca\/wp-content\/uploads\/2020\/11\/logo-horizontal.png","contentUrl":"https:\/\/www.museebeaulne.ca\/wp-content\/uploads\/2020\/11\/logo-horizontal.png","width":600,"height":233,"caption":"Mus\u00e9e Beaulne"},"image":{"@id":"https:\/\/www.museebeaulne.ca\/#\/schema\/logo\/image\/"},"sameAs":["https:\/\/www.facebook.com\/museebeaulne"]}]}},"_links":{"self":[{"href":"https:\/\/www.museebeaulne.ca\/en\/wp-json\/wp\/v2\/pages\/4043","targetHints":{"allow":["GET"]}}],"collection":[{"href":"https:\/\/www.museebeaulne.ca\/en\/wp-json\/wp\/v2\/pages"}],"about":[{"href":"https:\/\/www.museebeaulne.ca\/en\/wp-json\/wp\/v2\/types\/page"}],"author":[{"embeddable":true,"href":"https:\/\/www.museebeaulne.ca\/en\/wp-json\/wp\/v2\/users\/1"}],"replies":[{"embeddable":true,"href":"https:\/\/www.museebeaulne.ca\/en\/wp-json\/wp\/v2\/comments?post=4043"}],"version-history":[{"count":11,"href":"https:\/\/www.museebeaulne.ca\/en\/wp-json\/wp\/v2\/pages\/4043\/revisions"}],"predecessor-version":[{"id":4054,"href":"https:\/\/www.museebeaulne.ca\/en\/wp-json\/wp\/v2\/pages\/4043\/revisions\/4054"}],"wp:attachment":[{"href":"https:\/\/www.museebeaulne.ca\/en\/wp-json\/wp\/v2\/media?parent=4043"}],"curies":[{"name":"wp","href":"https:\/\/api.w.org\/{rel}","templated":true}]}}